{"id":804,"date":"2021-03-13T18:51:47","date_gmt":"2021-03-13T17:51:47","guid":{"rendered":"https:\/\/www.catchapip.nl\/?post_type=product&#038;p=804"},"modified":"2022-12-01T13:39:44","modified_gmt":"2022-12-01T12:39:44","slug":"las-flores-de-frida","status":"publish","type":"product","link":"https:\/\/www.catchapip.nl\/?product=las-flores-de-frida","title":{"rendered":"Las Flores de Frida"},"content":{"rendered":"","protected":false},"excerpt":{"rendered":"<p>Grote shopper gemaakt van retro katoenen ruitstof met eigen gemaakte applicatie van Frida Kahlo op 3D goudlakleer. De tas is stevig door de binnenkant van 3D goudlakleer PVC en heeft stevige retro draagbanden aan bronzen fournituren. De banden zijn verstelbaar min. 74,0 cm, max. 1,50 m. De tas heeft \u00e9\u00e9n ritsvak H: 22,5 cm x B: 27,5 cm en \u00e9\u00e9n gewoon vak H: 21,0 cm x B: 28,0 cm. Bevat 3 lussen voor bril, pen, karbijnhaak voor sleutels b.v.\u00a0 Tas sluit met een bronzen magneetknoop. Hoofd Frida Kahlo applicatie is ook een vakje.\u00a0 Voorkant heeft nog een Tibetaans zilveren goudkleurige tussenzetsel als sierlijk detail. Tas is H: 39,0 cm x B: 51,0 cm. Praktische grote stevige tas voor je boodschappen en allerlei goodies.\u00a0 Een ware eyecatcher!<\/p>\n","protected":false},"featured_media":805,"comment_status":"open","ping_status":"closed","template":"","meta":[],"product_cat":[35],"product_tag":[],"class_list":{"0":"post-804","1":"product","2":"type-product","3":"status-publish","4":"has-post-thumbnail","6":"product_cat-verkochte-ontwerpen","8":"first","9":"outofstock","10":"sold-individually","11":"shipping-taxable","12":"purchasable","13":"product-type-simple"},"_links":{"self":[{"href":"https:\/\/www.catchapip.nl\/index.php?rest_route=\/wp\/v2\/product\/804","targetHints":{"allow":["GET"]}}],"collection":[{"href":"https:\/\/www.catchapip.nl\/index.php?rest_route=\/wp\/v2\/product"}],"about":[{"href":"https:\/\/www.catchapip.nl\/index.php?rest_route=\/wp\/v2\/types\/product"}],"replies":[{"embeddable":true,"href":"https:\/\/www.catchapip.nl\/index.php?rest_route=%2Fwp%2Fv2%2Fcomments&post=804"}],"wp:featuredmedia":[{"embeddable":true,"href":"https:\/\/www.catchapip.nl\/index.php?rest_route=\/wp\/v2\/media\/805"}],"wp:attachment":[{"href":"https:\/\/www.catchapip.nl\/index.php?rest_route=%2Fwp%2Fv2%2Fmedia&parent=804"}],"wp:term":[{"taxonomy":"product_cat","embeddable":true,"href":"https:\/\/www.catchapip.nl\/index.php?rest_route=%2Fwp%2Fv2%2Fproduct_cat&post=804"},{"taxonomy":"product_tag","embeddable":true,"href":"https:\/\/www.catchapip.nl\/index.php?rest_route=%2Fwp%2Fv2%2Fproduct_tag&post=804"}],"curies":[{"name":"wp","href":"https:\/\/api.w.org\/{rel}","templated":true}]}}